{"id":567,"date":"2023-10-10T13:40:59","date_gmt":"2023-10-10T12:40:59","guid":{"rendered":"https:\/\/odysseyug.org\/?page_id=567"},"modified":"2023-10-10T14:01:36","modified_gmt":"2023-10-10T13:01:36","slug":"patience","status":"publish","type":"page","link":"https:\/\/odysseyug.org\/index.php\/patience\/","title":{"rendered":"Patience"},"content":{"rendered":"\t\t<div data-elementor-type=\"wp-page\" data-elementor-id=\"567\" class=\"elementor elementor-567\" data-elementor-post-type=\"page\">\n\t\t\t\t<div class=\"elementor-element elementor-element-70975acf e-con-full e-flex e-con e-parent\" data-id=\"70975acf\" data-element_type=\"container\" data-e-type=\"container\" data-settings=\"{&quot;background_background&quot;:&quot;classic&quot;}\">\n\t\t\t\t<div class=\"elementor-element elementor-element-1343817d animated-slow elementor-invisible elementor-widget elementor-widget-heading\" data-id=\"1343817d\" data-element_type=\"widget\" data-e-type=\"widget\" data-settings=\"{&quot;_animation&quot;:&quot;slideInUp&quot;}\" data-widget_type=\"heading.default\">\n\t\t\t\t<div class=\"elementor-widget-container\">\n\t\t\t\t\t<h2 class=\"elementor-heading-title elementor-size-default\">Story<\/h2>\t\t\t\t<\/div>\n\t\t\t\t<\/div>\n\t\t\t\t<div class=\"elementor-element elementor-element-101012ad animated-slow elementor-invisible elementor-widget elementor-widget-heading\" data-id=\"101012ad\" data-element_type=\"widget\" data-e-type=\"widget\" data-settings=\"{&quot;_animation&quot;:&quot;slideInUp&quot;}\" data-widget_type=\"heading.default\">\n\t\t\t\t<div class=\"elementor-widget-container\">\n\t\t\t\t\t<h2 class=\"elementor-heading-title elementor-size-default\">Kawuda patience<\/h2>\t\t\t\t<\/div>\n\t\t\t\t<\/div>\n\t\t<div class=\"elementor-element elementor-element-18cd5b61 e-con-full e-flex e-con e-child\" data-id=\"18cd5b61\" data-element_type=\"container\" data-e-type=\"container\">\n\t\t<div class=\"elementor-element elementor-element-7bf6d9db animated-slow e-con-full e-flex elementor-invisible e-con e-child\" data-id=\"7bf6d9db\" data-element_type=\"container\" data-e-type=\"container\" data-settings=\"{&quot;background_background&quot;:&quot;classic&quot;,&quot;animation&quot;:&quot;fadeInUp&quot;,&quot;animation_delay&quot;:600}\">\n\t\t\t\t<\/div>\n\t\t<div class=\"elementor-element elementor-element-4e899ef0 e-con-full e-flex e-con e-child\" data-id=\"4e899ef0\" data-element_type=\"container\" data-e-type=\"container\">\n\t\t\t\t<div class=\"elementor-element elementor-element-741403ec elementor-widget elementor-widget-text-editor\" data-id=\"741403ec\" data-element_type=\"widget\" data-e-type=\"widget\" data-widget_type=\"text-editor.default\">\n\t\t\t\t<div class=\"elementor-widget-container\">\n\t\t\t\t\t\t\t\t\t<p>Patience is born in a family of 7 children and she was born with sickle cell anaemia. This is a condition that is \u00e0 mutated form of haemoglobin distorts the red blood cells into \u00e0 crescent shape at low oxygen levels. She usually has \u00e0 swollen tummy, yellow eyes,pain in the joints and low energy levels. But with Good treatment and diet she can live \u00e0 normal life but her parents can&#8217;t afford this.<\/p><p>There other six children were born normal but still they can&#8217;t afford to take them to school, feed them or provide \u00e0 better shelter for them. In that single room, the mom, dad, and two little girls they sleep on the bed and the rest pile up the torn pi\u00e8ces of mattresses and clothes to make a soft surface down to sleep. In the rainy seasons water flows inside. So we can all imagine the kind of life this family is going through.<\/p><p>Together we can bring \u00e0 chang\u00e9 and hope in their lives. We can donate towards building \u00e0 better shelter for them, if they can aquire or rent \u00e0 piece of Land for farming this would make it easy to feed the children. We can still donate clothes, food, books, shoes, mattresses, blankets, bedsheets, sanitary towels and school fees.<\/p>\t\t\t\t\t\t\t\t<\/div>\n\t\t\t\t<\/div>\n\t\t\t\t<\/div>\n\t\t\t\t<\/div>\n\t\t\t\t<\/div>\n\t\t<div class=\"elementor-element elementor-element-d8bc51c e-flex e-con-boxed e-con e-parent\" data-id=\"d8bc51c\" data-element_type=\"container\" data-e-type=\"container\">\n\t\t\t\t\t<div class=\"e-con-inner\">\n\t\t\t\t<div class=\"elementor-element elementor-element-e4ee81a elementor-widget elementor-widget-image-gallery\" data-id=\"e4ee81a\" data-element_type=\"widget\" data-e-type=\"widget\" data-widget_type=\"image-gallery.default\">\n\t\t\t\t<div class=\"elementor-widget-container\">\n\t\t\t\t\t\t\t<div class=\"elementor-image-gallery\">\n\t\t\t<div id='gallery-1' class='gallery galleryid-567 gallery-columns-3 gallery-size-full'><figure class='gallery-item'>\n\t\t\t<div class='gallery-icon portrait'>\n\t\t\t\t<a data-elementor-open-lightbox=\"yes\" data-elementor-lightbox-slideshow=\"e4ee81a\" data-elementor-lightbox-title=\"Patience_4\" data-e-action-hash=\"#elementor-action%3Aaction%3Dlightbox%26settings%3DeyJpZCI6NTgzLCJ1cmwiOiJodHRwczpcL1wvb2R5c3NleXVnLm9yZ1wvd3AtY29udGVudFwvdXBsb2Fkc1wvMjAyM1wvMTBcL1BhdGllbmNlXzQuanBlZyIsInNsaWRlc2hvdyI6ImU0ZWU4MWEifQ%3D%3D\" href='https:\/\/odysseyug.org\/wp-content\/uploads\/2023\/10\/Patience_4.jpeg'><img fetchpriority=\"high\" decoding=\"async\" width=\"810\" height=\"1080\" src=\"https:\/\/odysseyug.org\/wp-content\/uploads\/2023\/10\/Patience_4.jpeg\" class=\"attachment-full size-full\" alt=\"\" srcset=\"https:\/\/odysseyug.org\/wp-content\/uploads\/2023\/10\/Patience_4.jpeg 810w, https:\/\/odysseyug.org\/wp-content\/uploads\/2023\/10\/Patience_4-225x300.jpeg 225w, https:\/\/odysseyug.org\/wp-content\/uploads\/2023\/10\/Patience_4-768x1024.jpeg 768w\" sizes=\"(max-width: 810px) 100vw, 810px\" \/><\/a>\n\t\t\t<\/div><\/figure><figure class='gallery-item'>\n\t\t\t<div class='gallery-icon portrait'>\n\t\t\t\t<a data-elementor-open-lightbox=\"yes\" data-elementor-lightbox-slideshow=\"e4ee81a\" data-elementor-lightbox-title=\"Patience_3\" data-e-action-hash=\"#elementor-action%3Aaction%3Dlightbox%26settings%3DeyJpZCI6NTgxLCJ1cmwiOiJodHRwczpcL1wvb2R5c3NleXVnLm9yZ1wvd3AtY29udGVudFwvdXBsb2Fkc1wvMjAyM1wvMTBcL1BhdGllbmNlXzMuanBlZyIsInNsaWRlc2hvdyI6ImU0ZWU4MWEifQ%3D%3D\" href='https:\/\/odysseyug.org\/wp-content\/uploads\/2023\/10\/Patience_3.jpeg'><img decoding=\"async\" width=\"810\" height=\"1080\" src=\"https:\/\/odysseyug.org\/wp-content\/uploads\/2023\/10\/Patience_3.jpeg\" class=\"attachment-full size-full\" alt=\"\" srcset=\"https:\/\/odysseyug.org\/wp-content\/uploads\/2023\/10\/Patience_3.jpeg 810w, https:\/\/odysseyug.org\/wp-content\/uploads\/2023\/10\/Patience_3-225x300.jpeg 225w, https:\/\/odysseyug.org\/wp-content\/uploads\/2023\/10\/Patience_3-768x1024.jpeg 768w\" sizes=\"(max-width: 810px) 100vw, 810px\" \/><\/a>\n\t\t\t<\/div><\/figure><figure class='gallery-item'>\n\t\t\t<div class='gallery-icon portrait'>\n\t\t\t\t<a data-elementor-open-lightbox=\"yes\" data-elementor-lightbox-slideshow=\"e4ee81a\" data-elementor-lightbox-title=\"Patience_2\" data-e-action-hash=\"#elementor-action%3Aaction%3Dlightbox%26settings%3DeyJpZCI6NTgyLCJ1cmwiOiJodHRwczpcL1wvb2R5c3NleXVnLm9yZ1wvd3AtY29udGVudFwvdXBsb2Fkc1wvMjAyM1wvMTBcL1BhdGllbmNlXzIuanBlZyIsInNsaWRlc2hvdyI6ImU0ZWU4MWEifQ%3D%3D\" href='https:\/\/odysseyug.org\/wp-content\/uploads\/2023\/10\/Patience_2.jpeg'><img decoding=\"async\" width=\"810\" height=\"1080\" src=\"https:\/\/odysseyug.org\/wp-content\/uploads\/2023\/10\/Patience_2.jpeg\" class=\"attachment-full size-full\" alt=\"\" srcset=\"https:\/\/odysseyug.org\/wp-content\/uploads\/2023\/10\/Patience_2.jpeg 810w, https:\/\/odysseyug.org\/wp-content\/uploads\/2023\/10\/Patience_2-225x300.jpeg 225w, https:\/\/odysseyug.org\/wp-content\/uploads\/2023\/10\/Patience_2-768x1024.jpeg 768w\" sizes=\"(max-width: 810px) 100vw, 810px\" \/><\/a>\n\t\t\t<\/div><\/figure>\n\t\t<\/div>\n\t\t<\/div>\n\t\t\t\t\t\t<\/div>\n\t\t\t\t<\/div>\n\t\t\t\t\t<\/div>\n\t\t\t\t<\/div>\n\t\t\t\t<\/div>\n\t\t","protected":false},"excerpt":{"rendered":"<p>Story Kawuda patience Patience is born in a family of 7 children and she was born with sickle cell anaemia. This is a condition that is \u00e0 mutated form of haemoglobin distorts the red blood cells into \u00e0 crescent shape at low oxygen levels. She usually has \u00e0 swollen tummy, yellow eyes,pain in the joints [&hellip;]<\/p>\n","protected":false},"author":1,"featured_media":0,"parent":0,"menu_order":0,"comment_status":"closed","ping_status":"closed","template":"","meta":{"footnotes":""},"class_list":["post-567","page","type-page","status-publish","hentry"],"_links":{"self":[{"href":"https:\/\/odysseyug.org\/index.php\/wp-json\/wp\/v2\/pages\/567","targetHints":{"allow":["GET"]}}],"collection":[{"href":"https:\/\/odysseyug.org\/index.php\/wp-json\/wp\/v2\/pages"}],"about":[{"href":"https:\/\/odysseyug.org\/index.php\/wp-json\/wp\/v2\/types\/page"}],"author":[{"embeddable":true,"href":"https:\/\/odysseyug.org\/index.php\/wp-json\/wp\/v2\/users\/1"}],"replies":[{"embeddable":true,"href":"https:\/\/odysseyug.org\/index.php\/wp-json\/wp\/v2\/comments?post=567"}],"version-history":[{"count":13,"href":"https:\/\/odysseyug.org\/index.php\/wp-json\/wp\/v2\/pages\/567\/revisions"}],"predecessor-version":[{"id":589,"href":"https:\/\/odysseyug.org\/index.php\/wp-json\/wp\/v2\/pages\/567\/revisions\/589"}],"wp:attachment":[{"href":"https:\/\/odysseyug.org\/index.php\/wp-json\/wp\/v2\/media?parent=567"}],"curies":[{"name":"wp","href":"https:\/\/api.w.org\/{rel}","templated":true}]}}